{"id":461,"date":"2023-02-02T11:52:55","date_gmt":"2023-02-02T10:52:55","guid":{"rendered":"https:\/\/conslione.esteri.it?page_id=461"},"modified":"2026-03-10T10:37:15","modified_gmt":"2026-03-10T09:37:15","slug":"passaporti-minorenni","status":"publish","type":"page","link":"https:\/\/conslione.esteri.it\/it\/servizi-consolari-e-visti\/servizi-per-il-cittadino-italiano\/passaporti-e-carte-didentita\/passaporti-minorenni\/","title":{"rendered":"Passaporti minori da 0 a 11 anni"},"content":{"rendered":"<p><span style=\"color: #3366ff;\"><strong>La richiesta deve essere presentata all\u2019Ufficio Passaporti tramite posta cartacea. Per i minori da 0 a 12 anni non compiuti non \u00e8 necessario prenotare un appuntamento perch\u00e9 non \u00e8 richiesta la rilevazione delle impronte.<\/strong><\/span><\/p>\n<p>La domanda di un nuovo passaporto pu\u00f2 essere presentata a partire dai <strong>6 mesi prima della scadenza<\/strong> del precedente passaporto<strong>.<\/strong><\/p>\n<p>Ai fini di poter richiedere il rilascio del passaporto \u00e8 necessario che l\u2019atto di nascita del minore nato all\u2019estero sia stato trascritto in Italia o che la documentazione idonea alla registrazione della sua nascita in Italia sia stata presentata all\u2019Ufficio Stato Civile del Consolato per la successiva trasmissione al Comune. Per maggiori informazioni sulla trascrizione della nascita: <a href=\"https:\/\/conslione.esteri.it\/it\/servizi-consolari-e-visti\/servizi-per-il-cittadino-italiano\/stato-civile\/nascita\/\">Nascita \u2013 Consolato Generale d&#8217;Italia a Lione (esteri.it)<\/a><\/p>\n<p>&nbsp;<\/p>\n<p><span style=\"color: #3366ff;\"><strong>DOCUMENTAZIONE <\/strong><strong>DA INVIARE TRAMITE POSTA CARTACEA<\/strong><\/span><\/p>\n<ul>\n<li><a href=\"https:\/\/conslione.esteri.it\/wp-content\/uploads\/2023\/02\/formulario-domanda-passaporto-minori-di-12-anni.pdf\">Modulo di richiesta<\/a> sottoscritto da entrambi i genitori.<\/li>\n<\/ul>\n<p style=\"padding-left: 40px;\">In caso uno dei due genitori non sia cittadino dell\u2019Unione europea la sua firma dovr\u00e0 essere autenticata dall\u2019impiegato consolare in sede oppure presso la Mairie di residenza. In questo caso\u00a0 preferibile scaricare l\u2019<a href=\"https:\/\/conslione.esteri.it\/wp-content\/uploads\/2023\/02\/Atto-di-assenso-per-lemissione-in-favore-di-persona-con-figli-minori.pdf\">atto di assenso<\/a>\u00a0da firmare davanti all\u2019istituzione francese. Se il suddetto genitore si trova in Italia la firma dovr\u00e0 essere fatta autenticare presso la Questura; se si trova all\u2019estero, in un\u2019altra circoscrizione consolare, presso una Rappresentanza diplomatico-consolare italiana.<\/p>\n<p style=\"padding-left: 40px;\">In caso di decesso di uno dei genitori, dovr\u00e0 essere presentata una copia dell\u2019atto di decesso in originale.<\/p>\n<p style=\"padding-left: 40px;\"><strong>Nel caso in cui non sia possibile ottenere l\u2019assenso da parte dell\u2019altro genitore<\/strong>\u00a0<strong>\u00e8 prevista la facolt\u00e0 di rivolgere istanza al Console Generale<\/strong> per l\u2019emanazione di un decreto autorizzativo (<a class=\"focus--mouse\" href=\"https:\/\/conslione.esteri.it\/wp-content\/uploads\/2023\/02\/Istanza-al-giudice-tutelare.doc\" data-focus-mouse=\"true\">Istanza al giudice tutelare<\/a>). Per maggiori informazioni sulla procedura si invita a contattare l\u2019ufficio passaporti all\u2019indirizzo\u00a0<a href=\"mailto:passaporti.lione@esteri.it\">passaporti.lione@esteri.it<\/a> ;<\/p>\n<ul>\n<li>2 fotografie uguali, recenti, senza data, a colori, frontali e con sfondo bianco di 45mm di altezza per 35mm di larghezza, di cui una fatta autenticare, in presenza del minore, alla Mairie, se \u00e8 previsto il servizio (utilizzando l\u2019apposito<a href=\"https:\/\/conslione.esteri.it\/wp-content\/uploads\/2025\/02\/Formulario-di-autentica-della-foto-del-minore-presso-la-Mairie.pdf\"> formulario<\/a><u><\/u>), oppure presso il Consolato Generale e le permanenze consolari negli orari di apertura al pubblico;<\/li>\n<li>Solo se in possesso, precedente passaporto italiano del minore;<\/li>\n<li>Dichiarazione di smarrimento o furto del documento rilasciata dalle Autorit\u00e0 di Polizia locale (per maggiori informazioni sulle modalit\u00e0 di presentazione della denuncia in Francia: <a href=\"https:\/\/www.service-public.gouv.fr\/particuliers\/vosdroits\/R13630\" target=\"_blank\" rel=\"noopener\">https:\/\/www.service-public.gouv.fr\/particuliers\/vosdroits\/R13630<\/a>).\u00a0<u>Solo in caso di oggettiva impossibilit\u00e0<\/u> a sporgere denuncia presso gli Enti locali competenti, il Consolato pu\u00f2 acquisire la denuncia del connazionale, prima di procedere al rilascio del nuovo documento (<a href=\"https:\/\/conslione.esteri.it\/wp-content\/uploads\/2026\/03\/denuncia-furto-smarrimento-passaporto.doc\" target=\"_blank\" rel=\"noopener\">modulo<\/a>).<\/li>\n<li>Solo se in possesso, fotocopia del passaporto del minore (pagina con fotografia e dati anagrafici) oppure fotocopia fronte-retro della carta d\u2019identit\u00e0;<\/li>\n<li>Documento giustificativo della residenza recente (meno di 3 mesi), es.bolletta luce, gas, telefono, avis d\u2019imposition, ecc. a nome di uno dei due genitori;<\/li>\n<li>Copia di un documento d\u2019identit\u00e0 dei genitori (pagina con foto e firma,\u00a0che dovr\u00e0 corrispondere a quella apposta sul modulo);<\/li>\n<li>Una busta preaffrancata per l\u2019invio del nuovo passaporto<\/li>\n<\/ul>\n<ul>\n<li style=\"list-style-type: none;\">\n<ul>\n<li>affrancatura = 6 timbres lettre verte per l\u2019invio di un nuovo passaporto;<\/li>\n<li>affrancatura = 9 timbres lettre verte per l\u2019invio di due nuovi passaporti.<\/li>\n<\/ul>\n<\/li>\n<\/ul>\n<ul>\n<li>Ricevuta del bonifico bancario di 116,20 \u20ac oppure ch\u00e8que de banque: consultare la rubrica <a href=\"https:\/\/conslione.esteri.it\/it\/servizi-consolari-e-visti\/servizi-per-il-cittadino-italiano\/passaporti-e-carte-didentita\/tariffa-consolare-consegna-ritiro-passaporti\/\">MODALIT\u00c0 DI PAGAMENTO<\/a><\/li>\n<\/ul>\n","protected":false},"excerpt":{"rendered":"La richiesta deve essere presentata all\u2019Ufficio Passaporti tramite posta cartacea. Per i minori da 0 a 12 anni non compiuti non \u00e8 necessario prenotare un appuntamento perch\u00e9 non \u00e8 richiesta la rilevazione delle impronte. La domanda di un nuovo passaporto pu\u00f2 essere presentata a partire dai 6 mesi prima della scadenza del precedente passaporto. Ai [&hellip;]","protected":false},"author":7,"featured_media":0,"parent":152,"menu_order":4,"comment_status":"closed","ping_status":"closed","template":"","meta":{"footnotes":""},"class_list":["post-461","page","type-page","status-publish","hentry"],"_links":{"self":[{"href":"https:\/\/conslione.esteri.it\/it\/wp-json\/wp\/v2\/pages\/461","targetHints":{"allow":["GET"]}}],"collection":[{"href":"https:\/\/conslione.esteri.it\/it\/wp-json\/wp\/v2\/pages"}],"about":[{"href":"https:\/\/conslione.esteri.it\/it\/wp-json\/wp\/v2\/types\/page"}],"author":[{"embeddable":true,"href":"https:\/\/conslione.esteri.it\/it\/wp-json\/wp\/v2\/users\/7"}],"replies":[{"embeddable":true,"href":"https:\/\/conslione.esteri.it\/it\/wp-json\/wp\/v2\/comments?post=461"}],"version-history":[{"count":7,"href":"https:\/\/conslione.esteri.it\/it\/wp-json\/wp\/v2\/pages\/461\/revisions"}],"predecessor-version":[{"id":5332,"href":"https:\/\/conslione.esteri.it\/it\/wp-json\/wp\/v2\/pages\/461\/revisions\/5332"}],"up":[{"embeddable":true,"href":"https:\/\/conslione.esteri.it\/it\/wp-json\/wp\/v2\/pages\/152"}],"wp:attachment":[{"href":"https:\/\/conslione.esteri.it\/it\/wp-json\/wp\/v2\/media?parent=461"}],"curies":[{"name":"wp","href":"https:\/\/api.w.org\/{rel}","templated":true}]}}