{"id":512,"date":"2023-02-03T10:37:36","date_gmt":"2023-02-03T09:37:36","guid":{"rendered":"https:\/\/conslione.esteri.it?page_id=512"},"modified":"2023-04-07T08:57:34","modified_gmt":"2023-04-07T06:57:34","slug":"studi","status":"publish","type":"page","link":"https:\/\/conslione.esteri.it\/it\/servizi-consolari-e-visti\/servizi-per-il-cittadino-italiano\/studi\/","title":{"rendered":"Servizi scolastici"},"content":{"rendered":"<p>L&#8217;Ufficio Scolastico del Consolato Generale d\u2019Italia a Lione gestisce l&#8217;insegnamento della lingua italiana nelle Sezioni italiane presso i Licei Internazionali e all&#8217;interno di diverse scuole francesi di livello elementare e medio nella regione Rhone-Alpes.<br \/>\nFornisce inoltre informazioni e consulenza per l&#8217;iscrizione a Scuole e Universit\u00e0 in Italia e rilascia le necessarie Dichiarazioni di Valore per i titoli conseguiti presso Scuole e Universit\u00e0 della circoscrizione consolare affinch\u00e9 gli interessati possano ottenere l\u2019equipollenza dei titoli di studio, l\u2019iscrizione a scuole ed Universit\u00e0 italiane, il riconoscimento in Italia degli studi universitari e l\u2019assegnazione di borse di studio.<\/p>\n","protected":false},"excerpt":{"rendered":"L&#8217;Ufficio Scolastico del Consolato Generale d\u2019Italia a Lione gestisce l&#8217;insegnamento della lingua italiana nelle Sezioni italiane presso i Licei Internazionali e all&#8217;interno di diverse scuole francesi di livello elementare e medio nella regione Rhone-Alpes. Fornisce inoltre informazioni e consulenza per l&#8217;iscrizione a Scuole e Universit\u00e0 in Italia e rilascia le necessarie Dichiarazioni di Valore per [&hellip;]","protected":false},"author":7,"featured_media":0,"parent":69,"menu_order":30,"comment_status":"closed","ping_status":"closed","template":"","meta":{"footnotes":""},"class_list":["post-512","page","type-page","status-publish","hentry"],"_links":{"self":[{"href":"https:\/\/conslione.esteri.it\/it\/wp-json\/wp\/v2\/pages\/512","targetHints":{"allow":["GET"]}}],"collection":[{"href":"https:\/\/conslione.esteri.it\/it\/wp-json\/wp\/v2\/pages"}],"about":[{"href":"https:\/\/conslione.esteri.it\/it\/wp-json\/wp\/v2\/types\/page"}],"author":[{"embeddable":true,"href":"https:\/\/conslione.esteri.it\/it\/wp-json\/wp\/v2\/users\/7"}],"replies":[{"embeddable":true,"href":"https:\/\/conslione.esteri.it\/it\/wp-json\/wp\/v2\/comments?post=512"}],"version-history":[{"count":0,"href":"https:\/\/conslione.esteri.it\/it\/wp-json\/wp\/v2\/pages\/512\/revisions"}],"up":[{"embeddable":true,"href":"https:\/\/conslione.esteri.it\/it\/wp-json\/wp\/v2\/pages\/69"}],"wp:attachment":[{"href":"https:\/\/conslione.esteri.it\/it\/wp-json\/wp\/v2\/media?parent=512"}],"curies":[{"name":"wp","href":"https:\/\/api.w.org\/{rel}","templated":true}]}}