{"id":514,"date":"2023-02-03T10:43:57","date_gmt":"2023-02-03T09:43:57","guid":{"rendered":"https:\/\/conslione.esteri.it?page_id=514"},"modified":"2025-07-23T11:12:43","modified_gmt":"2025-07-23T09:12:43","slug":"scuole","status":"publish","type":"page","link":"https:\/\/conslione.esteri.it\/it\/servizi-consolari-e-visti\/servizi-per-il-cittadino-italiano\/studi\/scuole\/","title":{"rendered":"Scuole"},"content":{"rendered":"<p class=\"boxLevel03\">Per una descrizione completa ed esaustiva dell\u2019insegnamento dell\u2019italiano nelle scuole situate all\u2019interno della Circoscrizione Consolare di Lione, i cui docenti siano coordinati da questo Ufficio Scolastico Consolare, si consiglia consultazione del PTOF diseguito pubblicato.<\/p>\n<p>Il PTOF ( Piano Triennale di Offerta Formativa) \u00e8 il documento costitutivo di ogni istituzione scolastica; esso esplicita le finalit\u00e0 formative e culturali, nonch\u00e9 le strategie di insegnamento\/apprendimento e le dinamiche organizzative che la comunit\u00e0 educativa condivide, tenuto conto del contesto territoriale e professionale in cui opera.<\/p>\n<p>PTOF:\u00a0<a href=\"https:\/\/conslione.esteri.it\/wp-content\/uploads\/2023\/04\/PTOF.pdf\">Documento completo<\/a><\/p>\n","protected":false},"excerpt":{"rendered":"Per una descrizione completa ed esaustiva dell\u2019insegnamento dell\u2019italiano nelle scuole situate all\u2019interno della Circoscrizione Consolare di Lione, i cui docenti siano coordinati da questo Ufficio Scolastico Consolare, si consiglia consultazione del PTOF diseguito pubblicato. Il PTOF ( Piano Triennale di Offerta Formativa) \u00e8 il documento costitutivo di ogni istituzione scolastica; esso esplicita le finalit\u00e0 formative [&hellip;]","protected":false},"author":7,"featured_media":0,"parent":512,"menu_order":8,"comment_status":"closed","ping_status":"closed","template":"","meta":{"footnotes":""},"class_list":["post-514","page","type-page","status-publish","hentry"],"_links":{"self":[{"href":"https:\/\/conslione.esteri.it\/it\/wp-json\/wp\/v2\/pages\/514","targetHints":{"allow":["GET"]}}],"collection":[{"href":"https:\/\/conslione.esteri.it\/it\/wp-json\/wp\/v2\/pages"}],"about":[{"href":"https:\/\/conslione.esteri.it\/it\/wp-json\/wp\/v2\/types\/page"}],"author":[{"embeddable":true,"href":"https:\/\/conslione.esteri.it\/it\/wp-json\/wp\/v2\/users\/7"}],"replies":[{"embeddable":true,"href":"https:\/\/conslione.esteri.it\/it\/wp-json\/wp\/v2\/comments?post=514"}],"version-history":[{"count":1,"href":"https:\/\/conslione.esteri.it\/it\/wp-json\/wp\/v2\/pages\/514\/revisions"}],"predecessor-version":[{"id":3985,"href":"https:\/\/conslione.esteri.it\/it\/wp-json\/wp\/v2\/pages\/514\/revisions\/3985"}],"up":[{"embeddable":true,"href":"https:\/\/conslione.esteri.it\/it\/wp-json\/wp\/v2\/pages\/512"}],"wp:attachment":[{"href":"https:\/\/conslione.esteri.it\/it\/wp-json\/wp\/v2\/media?parent=514"}],"curies":[{"name":"wp","href":"https:\/\/api.w.org\/{rel}","templated":true}]}}