{"id":519,"date":"2023-02-03T10:47:12","date_gmt":"2023-02-03T09:47:12","guid":{"rendered":"https:\/\/conslione.esteri.it?page_id=519"},"modified":"2026-01-05T11:56:18","modified_gmt":"2026-01-05T10:56:18","slug":"universita","status":"publish","type":"page","link":"https:\/\/conslione.esteri.it\/it\/servizi-consolari-e-visti\/servizi-per-il-cittadino-italiano\/studi\/universita\/","title":{"rendered":"L&#8217;Universit\u00e0 in Italia"},"content":{"rendered":"<p>Notizie di interesse generale sull\u2019organizzazione e sul funzionamento delle Universit\u00e0 italiane sono disponibili nel portale <a href=\"https:\/\/www.universitaly.it\/\" target=\"_blank\" rel=\"noopener\">Universitaly<\/a> del\u00a0<strong><a href=\"https:\/\/www.mur.gov.it\/it\" target=\"_blank\" rel=\"noopener\">Ministero dell\u2019Universit\u00e0 e della Ricerca<\/a>. <\/strong><\/p>\n<p>Lo stesso sito web dispone di informazioni utili agli studenti stranieri interessati ad effettuare gli studi presso le Universit\u00e0 italiane.<\/p>\n<p>Una pagina dedicata alle Universit\u00e0 italiane \u00e8 presente anche nel sito della\u00a0<strong><a href=\"https:\/\/www.crui.it\/highlights.html\" target=\"_blank\" rel=\"noopener\">CRUI &#8211; Conferenza dei Rettori delle Universit\u00e0 Italiane.<\/a><\/strong><\/p>\n","protected":false},"excerpt":{"rendered":"Notizie di interesse generale sull\u2019organizzazione e sul funzionamento delle Universit\u00e0 italiane sono disponibili nel portale Universitaly del\u00a0Ministero dell\u2019Universit\u00e0 e della Ricerca. Lo stesso sito web dispone di informazioni utili agli studenti stranieri interessati ad effettuare gli studi presso le Universit\u00e0 italiane. Una pagina dedicata alle Universit\u00e0 italiane \u00e8 presente anche nel sito della\u00a0CRUI &#8211; Conferenza [&hellip;]","protected":false},"author":7,"featured_media":0,"parent":512,"menu_order":6,"comment_status":"closed","ping_status":"closed","template":"","meta":{"footnotes":""},"class_list":["post-519","page","type-page","status-publish","hentry"],"_links":{"self":[{"href":"https:\/\/conslione.esteri.it\/it\/wp-json\/wp\/v2\/pages\/519","targetHints":{"allow":["GET"]}}],"collection":[{"href":"https:\/\/conslione.esteri.it\/it\/wp-json\/wp\/v2\/pages"}],"about":[{"href":"https:\/\/conslione.esteri.it\/it\/wp-json\/wp\/v2\/types\/page"}],"author":[{"embeddable":true,"href":"https:\/\/conslione.esteri.it\/it\/wp-json\/wp\/v2\/users\/7"}],"replies":[{"embeddable":true,"href":"https:\/\/conslione.esteri.it\/it\/wp-json\/wp\/v2\/comments?post=519"}],"version-history":[{"count":5,"href":"https:\/\/conslione.esteri.it\/it\/wp-json\/wp\/v2\/pages\/519\/revisions"}],"predecessor-version":[{"id":4733,"href":"https:\/\/conslione.esteri.it\/it\/wp-json\/wp\/v2\/pages\/519\/revisions\/4733"}],"up":[{"embeddable":true,"href":"https:\/\/conslione.esteri.it\/it\/wp-json\/wp\/v2\/pages\/512"}],"wp:attachment":[{"href":"https:\/\/conslione.esteri.it\/it\/wp-json\/wp\/v2\/media?parent=519"}],"curies":[{"name":"wp","href":"https:\/\/api.w.org\/{rel}","templated":true}]}}