{"id":609,"date":"2023-02-06T12:22:02","date_gmt":"2023-02-06T11:22:02","guid":{"rendered":"https:\/\/conslione.esteri.it?page_id=609"},"modified":"2023-02-06T12:22:02","modified_gmt":"2023-02-06T11:22:02","slug":"sanitaria","status":"publish","type":"page","link":"https:\/\/conslione.esteri.it\/it\/servizi-consolari-e-visti\/servizi-per-il-cittadino-italiano\/assistenza-ai-cittadini-allestero\/sanitaria\/","title":{"rendered":"Sanitaria"},"content":{"rendered":"<h2>Assistenza Sanitaria<\/h2>\n<p>I cittadini italiani stabilmente residenti in Francia beneficiano &#8211; di norma &#8211; del regime di sicurezza sociale francese, attraverso l\u2019iscrizione alla Caisse Primaire d\u2019Assurance Maladie (S\u00e9curit\u00e9 Sociale) del Comune francese di residenza. Informazioni generali sulle modalit\u00e0 d&#8217;affiliazione alla \u00ab Securit\u00e9 Sociale \u00bb e sul regime assicurativo possono essere acquisite sui siti:\u00a0<a href=\"http:\/\/www.ameli.fr\/\">www.ameli.fr<\/a>\u00a0e\u00a0<a href=\"http:\/\/www.cleiss.fr\/\">www.cleiss.fr<\/a>.<\/p>\n<p>Ai cittadini non residenti o temporaneamente residenti l\u2019assistenza sanitaria pu\u00f2 essere erogata in virt\u00f9 dell\u2019applicazione della normativa comunitaria in materia (Reg.1408\/71 e Reg. 574\/72).<br \/>\nIn questo caso, le A.S.L. (Aziende Sanitarie Locali) italiane rilasciano \u2013 in funzione della situazione personale e\/o lavorativa di ciascun assistito \u2013 uno dei numerosi modelli previsti dai regolamenti comunitari sopra citati.<br \/>\nAd esempio:<br \/>\n\u2022 Mod. E112 trasferimento all\u2019estero per motivi sanitari;<br \/>\n\u2022 Mod. E106 distacco professionale;<br \/>\n\u2022 Mod. E121 trasferimento di residenza all\u2019estero di titolare<br \/>\ndi\u00a0pensione; (sono escluse le pensioni d&#8217;invalidit\u00e0 civile o di guerra)<br \/>\n\u2022 o la \u201ctessera europea d&#8217;assicurazione malattia\u201d che ha sostituito i<br \/>\nmodelli E111, E128, E110 ed E119 (per le sole prestazioni in natura).<\/p>\n<p><strong>Attenzione:\u00a0<\/strong>i modelli convenzionali e la tessera europea d&#8217;assicurazione malattia consentono ai cittadini italiani di beneficiare delle prestazioni sanitarie previste dalla legislazione di sicurezza sociale vigente nel paese estero in cui si recano.<br \/>\n<strong><em>In Francia \u2013 come in altri Paesi dell\u2019U.E. &#8211; la normativa in questione prevede la partecipazione dell\u2019assicurato alla spesa sanitaria<\/em><\/strong>.<\/p>\n<p>Questo Consolato Generale assicura inoltre gli adempimenti previsti dalla normativa relativa all\u2019assistenza sanitaria al personale navigante marittimo e dell\u2019aviazione civile (DPR 620\/80), nonch\u00e9 quelli previsti dal D.M. Sanit\u00e0 del 3.11.89 (Criteri per la fruizione di prestazioni assistenziali in forma indiretta presso centri di altissima specializzazione all\u2019estero).<\/p>\n","protected":false},"excerpt":{"rendered":"Assistenza Sanitaria I cittadini italiani stabilmente residenti in Francia beneficiano &#8211; di norma &#8211; del regime di sicurezza sociale francese, attraverso l\u2019iscrizione alla Caisse Primaire d\u2019Assurance Maladie (S\u00e9curit\u00e9 Sociale) del Comune francese di residenza. Informazioni generali sulle modalit\u00e0 d&#8217;affiliazione alla \u00ab Securit\u00e9 Sociale \u00bb e sul regime assicurativo possono essere acquisite sui siti:\u00a0www.ameli.fr\u00a0e\u00a0www.cleiss.fr. Ai cittadini [&hellip;]","protected":false},"author":7,"featured_media":0,"parent":161,"menu_order":0,"comment_status":"closed","ping_status":"closed","template":"","meta":{"footnotes":""},"class_list":["post-609","page","type-page","status-publish","hentry"],"_links":{"self":[{"href":"https:\/\/conslione.esteri.it\/it\/wp-json\/wp\/v2\/pages\/609","targetHints":{"allow":["GET"]}}],"collection":[{"href":"https:\/\/conslione.esteri.it\/it\/wp-json\/wp\/v2\/pages"}],"about":[{"href":"https:\/\/conslione.esteri.it\/it\/wp-json\/wp\/v2\/types\/page"}],"author":[{"embeddable":true,"href":"https:\/\/conslione.esteri.it\/it\/wp-json\/wp\/v2\/users\/7"}],"replies":[{"embeddable":true,"href":"https:\/\/conslione.esteri.it\/it\/wp-json\/wp\/v2\/comments?post=609"}],"version-history":[{"count":0,"href":"https:\/\/conslione.esteri.it\/it\/wp-json\/wp\/v2\/pages\/609\/revisions"}],"up":[{"embeddable":true,"href":"https:\/\/conslione.esteri.it\/it\/wp-json\/wp\/v2\/pages\/161"}],"wp:attachment":[{"href":"https:\/\/conslione.esteri.it\/it\/wp-json\/wp\/v2\/media?parent=609"}],"curies":[{"name":"wp","href":"https:\/\/api.w.org\/{rel}","templated":true}]}}