{"id":62,"date":"2023-01-24T18:42:55","date_gmt":"2023-01-24T17:42:55","guid":{"rendered":"https:\/\/conslione.esteri.it?page_id=62"},"modified":"2024-09-30T10:58:57","modified_gmt":"2024-09-30T08:58:57","slug":"la-sede","status":"publish","type":"page","link":"https:\/\/conslione.esteri.it\/it\/chi-siamo\/la-sede\/","title":{"rendered":"La Sede"},"content":{"rendered":"<p><strong>CONSOLATO GENERALE D\u2019ITALIA IN LIONE<\/strong><\/p>\n<p>Il Consolato Generale d\u2019Italia a Lione \u00e8 competente per i seguenti dipartimenti:<\/p>\n<ul>\n<li>Ain, Ard\u00e8che, Dr\u00f4me, Is\u00e8re, Loira, Rodano, Savoia ed Alta Savoia (Rodano-Alpi)<\/li>\n<li>Allier, Cantal, Haute-Loire e Puy-de-D\u00f4me (Alvernia)<\/li>\n<li>Corr\u00e8ze, Creuse e Haute-Vienne (Limousin)<\/li>\n<li>Ni\u00e8vre e Sa\u00f4ne-et-Loire. (Borgogna)<\/li>\n<\/ul>\n<p>&nbsp;<\/p>\n<p><strong>Indirizzo:<\/strong><br \/>\n5, rue du Commandant Faurax<br \/>\n69006 Lyon 06<br \/>\n<strong>Tel.<\/strong>\u00a033 (0) 4 78 93 00 17 \u2013\u00a0<strong>Fax<\/strong>\u00a033 (0)4 78 94 33 43<br \/>\n<strong>e-mail:<\/strong>\u00a0<a title=\"consolato.lione@esteri.it\" href=\"mailto:consolato.lione@esteri.it\">consolato.lione@esteri.it<\/a><br \/>\n<strong>Orario di apertura al pubblico:<\/strong><br \/>\ndal luned\u00ec al venerd\u00ec dalle ore 9 alle ore 12 ed il pomeriggio del\u00a0<strong>marted\u00ec<\/strong>\u00a0dalle ore 15 alle ore 16,30.<\/p>\n<p><a title=\"Vai alla pagina con le festivit\u00e0 del consolato\" href=\"https:\/\/conslione.esteri.it\/it\/chi-siamo\/gli-uffici\/festivita-2024\/\"><strong>CALENDARIO DELLE FESTIVITA&#8217;<\/strong><\/a><\/p>\n<p>&nbsp;<\/p>\n<p><strong>Modalit\u00e0 operative del Consolato Generale a Lione e delle Permanenze consolari di Chamb\u00e9ry e Grenoble.\u00a0<\/strong><\/p>\n<p><strong>Sede del Consolato Generale a Lione:<\/strong><\/p>\n<p><strong>Il pubblico verr\u00e0 ricevuto esclusivamente su appuntamento\u00a0<\/strong>(prenotazione possibile sul portale\u00a0<a href=\"https:\/\/prenotami.esteri.it\/\">Prenot@mi<\/a>\u00a0per i servizi ivi elencati oppure tramite e-mail contattando i vari uffici:\u00a0<a href=\"https:\/\/conslione.esteri.it\/it\/chi-siamo\/contatti\/\">https:\/\/conslione.esteri.it\/it\/chi-siamo\/contatti\/<\/a> Si segnala che l&#8217;ufficio AIRE-elettorale NON riceve: le iscrizioni vanno fatte online sul portale FAST IT e anche le variazioni di indirizzo. L&#8217;Ufficio stato civile riceve solo su appuntamento (da fissare via e-mail all&#8217;indirizzo <a href=\"mailto:aire.lione@esteri.it\">aire.lione@esteri.it<\/a>), limitatamente alla firma delle pubblicazioni di matrimonio e ai riconoscimenti di paternit\u00e0 e maternit\u00e0. L&#8217;Ufficio cittadinanza riceve solo su appuntamento (da fissare via e-mail all&#8217;indirizzo\u00a0<a href=\"mailto:cittadinanza.lione@esteri.it\">cittadinanza.lione@esteri.it<\/a>) per la firma delle richieste di cittadinanza e per i giuramenti.<br \/>\n<em>Si\u00a0<\/em><em>raccomanda altres\u00ec la presenza dei soli destinatari dell\u2019erogazione dei<\/em><em>\u00a0servizi. Familiari e accompagnatori saranno cortesemente invitati ad attendere all\u2019esterno.<\/em><strong><br \/>\n<\/strong><\/p>\n<p><strong>Sedi delle Permanenze di Chamb\u00e9ry e di Grenoble:<\/strong><\/p>\n<p>Per quanto riguarda l&#8217;accesso ai locali delle Permanenze consolari di Chamb\u00e9ry e Grenoble\u00a0si ricorda che il\u00a0<strong>pubblico verr\u00e0 ricevuto esclusivamente su appuntamento (prenotazione possibile sul portale\u00a0<a href=\"https:\/\/prenotami.esteri.it\/\">Prenot@mi<\/a>) e sar\u00e0 consentito l&#8217;accesso ad un utente per volta<\/strong>.<br \/>\n<em>Si raccomanda altres\u00ec la presenza dei soli destinatari dell\u2019erogazione dei servizi. Familiari e accompagnatori saranno cortesemente invitati ad attendere all\u2019esterno.<\/em><\/p>\n","protected":false},"excerpt":{"rendered":"CONSOLATO GENERALE D\u2019ITALIA IN LIONE Il Consolato Generale d\u2019Italia a Lione \u00e8 competente per i seguenti dipartimenti: Ain, Ard\u00e8che, Dr\u00f4me, Is\u00e8re, Loira, Rodano, Savoia ed Alta Savoia (Rodano-Alpi) Allier, Cantal, Haute-Loire e Puy-de-D\u00f4me (Alvernia) Corr\u00e8ze, Creuse e Haute-Vienne (Limousin) Ni\u00e8vre e Sa\u00f4ne-et-Loire. (Borgogna) &nbsp; Indirizzo: 5, rue du Commandant Faurax 69006 Lyon 06 Tel.\u00a033 (0) [&hellip;]","protected":false},"author":3,"featured_media":0,"parent":9,"menu_order":2,"comment_status":"closed","ping_status":"closed","template":"","meta":{"footnotes":""},"class_list":["post-62","page","type-page","status-publish","hentry"],"_links":{"self":[{"href":"https:\/\/conslione.esteri.it\/it\/wp-json\/wp\/v2\/pages\/62","targetHints":{"allow":["GET"]}}],"collection":[{"href":"https:\/\/conslione.esteri.it\/it\/wp-json\/wp\/v2\/pages"}],"about":[{"href":"https:\/\/conslione.esteri.it\/it\/wp-json\/wp\/v2\/types\/page"}],"author":[{"embeddable":true,"href":"https:\/\/conslione.esteri.it\/it\/wp-json\/wp\/v2\/users\/3"}],"replies":[{"embeddable":true,"href":"https:\/\/conslione.esteri.it\/it\/wp-json\/wp\/v2\/comments?post=62"}],"version-history":[{"count":2,"href":"https:\/\/conslione.esteri.it\/it\/wp-json\/wp\/v2\/pages\/62\/revisions"}],"predecessor-version":[{"id":2628,"href":"https:\/\/conslione.esteri.it\/it\/wp-json\/wp\/v2\/pages\/62\/revisions\/2628"}],"up":[{"embeddable":true,"href":"https:\/\/conslione.esteri.it\/it\/wp-json\/wp\/v2\/pages\/9"}],"wp:attachment":[{"href":"https:\/\/conslione.esteri.it\/it\/wp-json\/wp\/v2\/media?parent=62"}],"curies":[{"name":"wp","href":"https:\/\/api.w.org\/{rel}","templated":true}]}}