{"id":64,"date":"2023-01-24T18:43:33","date_gmt":"2023-01-24T17:43:33","guid":{"rendered":"https:\/\/conslione.esteri.it?page_id=64"},"modified":"2024-08-12T08:51:57","modified_gmt":"2024-08-12T06:51:57","slug":"numeri-di-emergenza","status":"publish","type":"page","link":"https:\/\/conslione.esteri.it\/it\/chi-siamo\/numeri-di-emergenza\/","title":{"rendered":"Numeri di emergenza"},"content":{"rendered":"<p><strong>Numeri di emergenza<\/strong><\/p>\n<p><strong>NUMERO DI EMERGENZA DEL CONSOLATO GENERALE D\u2019ITALIA A LIONE<\/strong><\/p>\n<p>In caso di decesso, incidente grave o altra questione comportante rischi per la salute o situazione di pericolo per l\u2019incolumit\u00e0 personale di cittadini italiani all\u2019estero e che richieda l\u2019intervento urgente delle autorit\u00e0 consolari, chiamare il seguente numero di emergenza: +33 6 63 63 05 53, attivo esclusivamente dal luned\u00ec al gioved\u00ec dalle ore 18.30 alle ore 22, il venerd\u00ec dalle ore 14.30 alle ore 22 e il sabato, la domenica e i giorni festivi dalle ore 8.30 alle ore 22. Per tutte le altre fasce orarie \u00e8 operativo il numero del Funzionario di Turno del Ministero degli Affari Esteri e della Cooperazione Internazionale,\u00a00039 06 3691 2666.<\/p>\n<p>Le chiamate per pratiche consolari ordinarie (passaporti, visti, ecc.) NON verranno prese in considerazione.<\/p>\n<p>&nbsp;<\/p>\n<p><strong>NUMERO UNICO EUROPEO DI EMERGENZA 112<\/strong><\/p>\n<p>Polizia:<br \/>\nCommissariat de Meyzieu, 8 Avenue du Dauphin\u00e9 \u2013 Meyzieu<br \/>\nTel. + 33 472 45 12 30<\/p>\n<p>Commissariat Central de Police, 40 rue Marius Berliet \u2013 Lyon 8\u00e8me<br \/>\nTel. +33 4 78 78 40 40<\/p>\n<p>Commissariat de Police, 47 rue Charit\u00e9 \u2013 Lyon 2\u00e8me<br \/>\nTel. +33 4 78 42 26 56<\/p>\n<p>Commissariat du Centre Commercial Part-Dieu Lyon 3\u00e8me<br \/>\nTel. +33 4 72 82 15 00<\/p>\n<p>Bureau de Police, 60 rue t\u00eate d\u2019Or, Lyon 6\u00e8me<br \/>\nTel. +33 4 37 72 22 05<\/p>\n<p>&nbsp;<\/p>\n<p><strong>Emergenze Sanitarie<\/strong><br \/>\nSOS MEDECINS LYON (24\/24 7\/7) +33 4 78 83 51 51 oppure il 36.24 (0,15 Euro\/min + prezzo della telefonata)<\/p>\n<p>Ospedali:<br \/>\nH\u00f4pital Edouard Herriot<br \/>\n5 place d\u2019Arsonval \u2013 69003 Lyon \u2013 urgenze: +33 4 72 11 69 53<\/p>\n<p>Centre Hospitalier Saint Joseph Saint Luc<br \/>\n10 rue Raullin \u2013 69007 Lyon \u2013 Urgenze 24\/24: +33 4 78 61 80 00<\/p>\n<p>H\u00f4pital de la Croix-Rousse<br \/>\n103, grande rue de la Croix-Rousse \u2013 69004 Lyon \u2013 urgenze: +33 4 26 10 90 81<\/p>\n<p>Centre Hospitalier Lyon-Sud<br \/>\nChemin Grand Revoyet \u2013 69310 Pierre B\u00e9nite \u2013 urgenze : +33 4 78 86 16 36<\/p>\n<p><em>DA SAPERE: Le prestazioni mediche urgenti sono coperte dalla tessera sanitaria TEAM presso strutture pubbliche e private (ad eccezione dell\u2019ambulanza che verr\u00e0 fatturata separatamente).<\/em><\/p>\n<p>&nbsp;<\/p>\n<p>&nbsp;<\/p>\n","protected":false},"excerpt":{"rendered":"Numeri di emergenza NUMERO DI EMERGENZA DEL CONSOLATO GENERALE D\u2019ITALIA A LIONE In caso di decesso, incidente grave o altra questione comportante rischi per la salute o situazione di pericolo per l\u2019incolumit\u00e0 personale di cittadini italiani all\u2019estero e che richieda l\u2019intervento urgente delle autorit\u00e0 consolari, chiamare il seguente numero di emergenza: +33 6 63 63 [&hellip;]","protected":false},"author":3,"featured_media":0,"parent":9,"menu_order":8,"comment_status":"closed","ping_status":"closed","template":"","meta":{"footnotes":""},"class_list":["post-64","page","type-page","status-publish","hentry"],"_links":{"self":[{"href":"https:\/\/conslione.esteri.it\/it\/wp-json\/wp\/v2\/pages\/64","targetHints":{"allow":["GET"]}}],"collection":[{"href":"https:\/\/conslione.esteri.it\/it\/wp-json\/wp\/v2\/pages"}],"about":[{"href":"https:\/\/conslione.esteri.it\/it\/wp-json\/wp\/v2\/types\/page"}],"author":[{"embeddable":true,"href":"https:\/\/conslione.esteri.it\/it\/wp-json\/wp\/v2\/users\/3"}],"replies":[{"embeddable":true,"href":"https:\/\/conslione.esteri.it\/it\/wp-json\/wp\/v2\/comments?post=64"}],"version-history":[{"count":6,"href":"https:\/\/conslione.esteri.it\/it\/wp-json\/wp\/v2\/pages\/64\/revisions"}],"predecessor-version":[{"id":2292,"href":"https:\/\/conslione.esteri.it\/it\/wp-json\/wp\/v2\/pages\/64\/revisions\/2292"}],"up":[{"embeddable":true,"href":"https:\/\/conslione.esteri.it\/it\/wp-json\/wp\/v2\/pages\/9"}],"wp:attachment":[{"href":"https:\/\/conslione.esteri.it\/it\/wp-json\/wp\/v2\/media?parent=64"}],"curies":[{"name":"wp","href":"https:\/\/api.w.org\/{rel}","templated":true}]}}