{"id":641,"date":"2023-02-06T14:21:40","date_gmt":"2023-02-06T13:21:40","guid":{"rendered":"https:\/\/conslione.esteri.it?page_id=641"},"modified":"2025-02-10T10:41:10","modified_gmt":"2025-02-10T09:41:10","slug":"dichiarazione-di-accompagnamento","status":"publish","type":"page","link":"https:\/\/conslione.esteri.it\/it\/servizi-consolari-e-visti\/servizi-per-il-cittadino-italiano\/dichiarazione-di-accompagnamento\/","title":{"rendered":"Dichiarazione di accompagnamento"},"content":{"rendered":"<p>Nel caso in cui un minore di quattordici anni viaggi fuori del Paese di residenza non accompagnato dai genitori o da chi ne fa le veci \u00e8 necessario presentare in Consolato (o alla Questura se in Italia) una dichiarazione di accompagnamento sottoscritta da entrambi i genitori o dagli esercenti la responsabilit\u00e0 tutoria (art. 14, comma 2 della legge 21 novembre 1967, n. 1185).<\/p>\n<p>Si informa che per il rilascio di una dichiarazione di accompagnamento il minore deve necessariamente essere in possesso di un documento di riconoscimento emesso da autorit\u00e0 competenti italiane (passaporto italiano o carta di identit\u00e0 italiana).<\/p>\n<p><strong>ATTENZIONE<\/strong>\u00a0! Dal 15\/01\/2017 tutti i minori di 18 anni residenti sul territorio francese, di nazionalit\u00e0 qualsiasi, dovranno, in caso di uscita dal territorio francese senza i propri genitori, essere in possesso, oltre alla dichiarazione di accompagnamento qui descritta (fino a 14 anni), dell\u2019autorisation de sortie du territoire\u00a0sottoscritta dal titolare dell\u2019autorit\u00e0 parentale. Per informazioni pi\u00f9 ampie e per scaricare il formulario di autocertificazione, vi preghiamo di consultare il seguente sito:\u00a0<a href=\"https:\/\/www.service-public.fr\/particuliers\/vosdroits\/F1359\">https:\/\/www.service-public.fr\/particuliers\/vosdroits\/F1359<\/a><\/p>\n<p><strong>I connazionali italiani minori di 14 anni dovranno quindi essere in possesso sia della dichiarazione di accompagnamento italiana qui descritta che dell&#8217;autorisation de sortie du territoire francese. I minori di 16 anni dovranno avere solo l&#8217;autorisation de sortie du territoire.<\/strong><\/p>\n<p>Come effettuare la dichiarazione di accompagnamento:\u00a0<a href=\"https:\/\/conslione.esteri.it\/wp-content\/uploads\/2025\/02\/Formulario_dichiarazione_di_accompagnamento.pdf\">formulario di dichiarazione di accompagnamento<\/a><\/p>\n<p>La domanda di accompagnamento deve essere sottoscritta da entrambi i genitori e preferibilmente presentata da almeno uno di essi in Consolato all\u2019Ufficio polifunzionale nei giorni e orari di apertura al pubblico (dal luned\u00ec al venerd\u00ec dalle ore 9:00 alle ore 12:00 &#8211; marted\u00ec pomeriggio anche dalle ore 14.30 alle ore 16.30) allegando la copia del documento di identit\u00e0 del genitore eventualmente non presente. Non occorre fissare un appuntamento.<\/p>\n<p>La dichiarazione sottoscritta puo\u2019 essere inoltrata al Consolato anche con modalit\u00e0 telematiche (preferibilmente per e-mail:\u00a0<a href=\"mailto:passaporti.lione@esteri.it\">passaporti.lione@esteri.it<\/a><a href=\"mailto:passaporti.lione@esteri.it\">)<\/a>\u00a0avendo cura in questo caso di allegare le fotocopie dei documenti d\u2019identit\u00e0 di entrambi i genitori, degli accompagnatori e del documento con cui il minore viaggia. Qualora l&#8217;interessato fosse interessato ad avere la dichiarazione in originale dovr\u00e0 inviare altres\u00ec una busta affrancata con l&#8217;apposizione dell&#8217;indirizzo.<em><br \/>\n<\/em><\/p>\n<p>Solo nel caso di un genitore non cittadino di un Paese aderente all\u2019Unione Europea, \u00e8 indispensabile la sua presenza in Consolato per l\u2019autentica della firma o che sia legalizzata dalla mairie di residenza o dalla questura in Italia.<\/p>\n<p>La dichiarazione di accompagnamento puo\u2019 riguardare un solo viaggio (da intendersi come sola andata oppure andata e ritorno) dal Paese di residenza del minore con destinazione determinata e non puo\u2019 eccedere, di norma, il termine massimo di sei mesi.<\/p>\n<p>Gli esercenti la responsabilit\u00e0 genitoriale possono indicare fino ad un massimo di due accompagnatori (alternativi fra loro). Nel caso in cui il minore venga affidato ad una compagnia aerea, viene rilasciata l\u2019attestazione sulla base della dichiarazione resa dai genitori. Si suggerisce &#8211; prima di acquistare il biglietto della compagnia di trasporto &#8211; di verificare che il vettore accetti che il minore sia ad esso affidato.<\/p>\n","protected":false},"excerpt":{"rendered":"Nel caso in cui un minore di quattordici anni viaggi fuori del Paese di residenza non accompagnato dai genitori o da chi ne fa le veci \u00e8 necessario presentare in Consolato (o alla Questura se in Italia) una dichiarazione di accompagnamento sottoscritta da entrambi i genitori o dagli esercenti la responsabilit\u00e0 tutoria (art. 14, comma [&hellip;]","protected":false},"author":7,"featured_media":0,"parent":69,"menu_order":8,"comment_status":"closed","ping_status":"closed","template":"","meta":{"footnotes":""},"class_list":["post-641","page","type-page","status-publish","hentry"],"_links":{"self":[{"href":"https:\/\/conslione.esteri.it\/it\/wp-json\/wp\/v2\/pages\/641","targetHints":{"allow":["GET"]}}],"collection":[{"href":"https:\/\/conslione.esteri.it\/it\/wp-json\/wp\/v2\/pages"}],"about":[{"href":"https:\/\/conslione.esteri.it\/it\/wp-json\/wp\/v2\/types\/page"}],"author":[{"embeddable":true,"href":"https:\/\/conslione.esteri.it\/it\/wp-json\/wp\/v2\/users\/7"}],"replies":[{"embeddable":true,"href":"https:\/\/conslione.esteri.it\/it\/wp-json\/wp\/v2\/comments?post=641"}],"version-history":[{"count":2,"href":"https:\/\/conslione.esteri.it\/it\/wp-json\/wp\/v2\/pages\/641\/revisions"}],"predecessor-version":[{"id":3151,"href":"https:\/\/conslione.esteri.it\/it\/wp-json\/wp\/v2\/pages\/641\/revisions\/3151"}],"up":[{"embeddable":true,"href":"https:\/\/conslione.esteri.it\/it\/wp-json\/wp\/v2\/pages\/69"}],"wp:attachment":[{"href":"https:\/\/conslione.esteri.it\/it\/wp-json\/wp\/v2\/media?parent=641"}],"curies":[{"name":"wp","href":"https:\/\/api.w.org\/{rel}","templated":true}]}}