{"id":65,"date":"2023-01-24T18:43:48","date_gmt":"2023-01-24T17:43:48","guid":{"rendered":"https:\/\/conslione.esteri.it?page_id=65"},"modified":"2024-02-07T15:29:32","modified_gmt":"2024-02-07T14:29:32","slug":"la-rete-consolare","status":"publish","type":"page","link":"https:\/\/conslione.esteri.it\/it\/chi-siamo\/la-rete-consolare\/","title":{"rendered":"La Rete Consolare"},"content":{"rendered":"<p><strong>Il Consolato Generale d\u2019Italia a Lione \u00e8 competente per i seguenti dipartimenti:<\/strong><\/p>\n<ul>\n<li>Ain (01), Ard\u00e8che (07), Dr\u00f4me (26), Is\u00e8re (38), Loira (42) e Rodano (69), Savoia (73) ed Alta Savoia (74) (<span style=\"text-decoration: underline;\"><strong>Rodano-Alpi<\/strong><\/span>)<\/li>\n<li>Allier (03), Cantal (15), Haute-Loire (43) e Puy-de-D\u00f4me (63) (<span style=\"text-decoration: underline;\"><strong>Alvernia<\/strong><\/span>)<\/li>\n<li>Corr\u00e8ze (19), Creuse (23) e Haute-Vienne (87) (<span style=\"text-decoration: underline;\"><strong>Limousin<\/strong><\/span>)<\/li>\n<li>Ni\u00e8vre (58) e Sa\u00f4ne-et-Loire (71). (<span style=\"text-decoration: underline;\"><strong>Borgogna<\/strong><\/span>)<\/li>\n<\/ul>\n<p><a href=\"https:\/\/conslione.esteri.it\/it\/chi-siamo\/la-rete-consolare\/permanenza-consolare-a-grenoble\/\"><strong>PERMANENZA CONSOLARE DI GRENOBLE<\/strong><\/a><\/p>\n<p><a href=\"https:\/\/conslione.esteri.it\/it\/chi-siamo\/la-rete-consolare\/permanenza-consolare-a-chambery\/\"><strong>PERMANENZA CONSOLARE DI CHAMBERY<\/strong><\/a><\/p>\n<p>&nbsp;<\/p>\n<p><strong>I CORRISPONDENTI CONSOLARI<\/strong><\/p>\n<p>Enrico PALMIERI<br \/>\n19, rue des Foug\u00e8res<br \/>\n01000 BOURG EN BRESSE<br \/>\nT: 04.74.24.62.32<\/p>\n<p>Luigi MALANDRINO<br \/>\nChem. Le Clos Devant<br \/>\n71960 PRISSE<br \/>\nT: 03.85.38.22.51<\/p>\n<p>Carmelo PELLICANO&#8217;<br \/>\n1, rue du Bargy<br \/>\n74300 CLUSES<br \/>\nT: 06.15.42.46.78<\/p>\n<p>&nbsp;<\/p>\n<p><strong>LA RETE CONSOLARE IN FRANCIA:<\/strong><\/p>\n<p><a title=\"Vai al sito web del consolato Generale d'Italia a Parigi\" href=\"https:\/\/consparigi.esteri.it\/it\/\"><strong>CONSOLATO GENERALE I Cl. PARIGI<\/strong><\/a><br \/>\n5, Boulevard Emile Augier &#8211; 75016 PARIS<br \/>\nTel. 00.33 (0) 1 44 30 47 00<br \/>\nFax 01 45 25 87 50<br \/>\nE-mail:\u00a0<a title=\"informazioni.parigi@esteri.it\" href=\"mailto:informazioni.parigi@esteri.it\">informazioni.parigi@esteri.it<\/a><br \/>\n<strong>Circoscrizione:<\/strong>\u00a0Calvados, Cher, C\u00f4te-d&#8217;Or, C\u00f4tes-du-Nord, Doubs, Essonne, Eure, Eure-et-Loir, Finist\u00e8re, Haute-Sa\u00f4ne, Hauts-de-Seine, Ille-et-Vilaine, Indre, Indre-et-Loire, Jura, Loire-Atlantique, Loiret, Loir-et-Cher, Maine-et-Loire, Manche, Mayenne, Morbihan, Oise, Orne, Sarthe, Seine-et-Marne, Seine-Maritime, Seine-Saint-Denis, Val-de-Marne, Val-d&#8217;Oise, Vend\u00e9e, Ville-de-Paris, Yonne, Yvelines, Aisne, Nord, Pas-de-Calais, Somme.<\/p>\n<p><a title=\"Vai al sito del Consolato generale d'Italia a Marsiglia\" href=\"https:\/\/consmarsiglia.esteri.it\/Consolato_Marsiglia\/it\/\"><strong>CONSOLATO GENERALE MARSIGLIA<\/strong><\/a><br \/>\n56, Rue d\u2019Alger &#8211; 13005 MARSEILLE<br \/>\nTel. 0033 (0) 4 91 18 49 18<br \/>\nFax 04 91 18 49 19<br \/>\nE-mail :\u00a0<a title=\"consolato.marsiglia@esteri.it\" href=\"mailto:consolato.marsiglia@esteri.it\">consolato.marsiglia@esteri.it<\/a><br \/>\n<strong>Circoscrizione:<\/strong>\u00a0Aude, Ari\u00e8ge, Aveyron, Bouches-du-Rh\u00f4ne, Charente, Charente-Maritime, Corse du Sud, Deux-S\u00e8vres, Dordogne, Gard, Gers, Gironde, Haute Corse, Haute-Garonne, Hautes-Pyr\u00e9n\u00e9es, H\u00e9rault, Landes, Lot, Lot-et-Garonne, Loz\u00e8re, Pyr\u00e9n\u00e9es-Atlantiques, Pyr\u00e9n\u00e9es-Orientales, Tarn, Tarn-et-Garonne, Var, Vaucluse, Vienne.<\/p>\n<p><a title=\"Vai al sito del Consolato Generale d'Italia a Metz\" href=\"https:\/\/consmetz.esteri.it\/Consolato_Metz\/it\/\"><strong>CONSOLATO GENERALE\u00a0 METZ<\/strong><\/a><br \/>\n7, Boulevard Cl\u00e9menceau &#8211; 57000 METZ<br \/>\nTel. 0033 (0) 3 87 38 58 70<br \/>\nFax 03 87 50 49 51<br \/>\nE-mail:\u00a0<a title=\"consolato.metz@esteri.it\" href=\"mailto:consolato.metz@esteri.it\">consolato.metz@esteri.it<\/a><br \/>\n<strong>Circoscrizione:<\/strong>\u00a0Ardennes, Aube, Bas-Rhin, Haute-Marne, Marne, Meurthe-et-Moselle, Meuse, Moselle, Vosges, Belfort, Haut-Rhin.<\/p>\n<p><a title=\"Vai al sito del Consolato Generale d'Italia a Nizza\" href=\"https:\/\/consnizza.esteri.it\/Consolato_Nizza\/it\/\"><strong>CONSOLATO GENERALE NIZZA<\/strong><\/a><br \/>\n72, Boulevard Gambetta &#8211; 06048 NICE Cedex 1<br \/>\nTel 0033 (0) 4 93 88 79 86<br \/>\nFax 04 93 88 11 08<br \/>\nE-mail:\u00a0<a title=\"connizz.mail@esteri.it\" href=\"mailto:connizz.mail@esteri.it\">connizz.mail@esteri.it<\/a><br \/>\n<strong>Circoscrizione:<\/strong>\u00a0Alpes-de-Haute-Provence, Hautes-Alpes, Alpes-Maritimes.<\/p>\n<p>&nbsp;<\/p>\n","protected":false},"excerpt":{"rendered":"Il Consolato Generale d\u2019Italia a Lione \u00e8 competente per i seguenti dipartimenti: Ain (01), Ard\u00e8che (07), Dr\u00f4me (26), Is\u00e8re (38), Loira (42) e Rodano (69), Savoia (73) ed Alta Savoia (74) (Rodano-Alpi) Allier (03), Cantal (15), Haute-Loire (43) e Puy-de-D\u00f4me (63) (Alvernia) Corr\u00e8ze (19), Creuse (23) e Haute-Vienne (87) (Limousin) Ni\u00e8vre (58) e Sa\u00f4ne-et-Loire (71). [&hellip;]","protected":false},"author":3,"featured_media":0,"parent":9,"menu_order":10,"comment_status":"closed","ping_status":"closed","template":"","meta":{"footnotes":""},"class_list":["post-65","page","type-page","status-publish","hentry"],"_links":{"self":[{"href":"https:\/\/conslione.esteri.it\/it\/wp-json\/wp\/v2\/pages\/65","targetHints":{"allow":["GET"]}}],"collection":[{"href":"https:\/\/conslione.esteri.it\/it\/wp-json\/wp\/v2\/pages"}],"about":[{"href":"https:\/\/conslione.esteri.it\/it\/wp-json\/wp\/v2\/types\/page"}],"author":[{"embeddable":true,"href":"https:\/\/conslione.esteri.it\/it\/wp-json\/wp\/v2\/users\/3"}],"replies":[{"embeddable":true,"href":"https:\/\/conslione.esteri.it\/it\/wp-json\/wp\/v2\/comments?post=65"}],"version-history":[{"count":1,"href":"https:\/\/conslione.esteri.it\/it\/wp-json\/wp\/v2\/pages\/65\/revisions"}],"predecessor-version":[{"id":1802,"href":"https:\/\/conslione.esteri.it\/it\/wp-json\/wp\/v2\/pages\/65\/revisions\/1802"}],"up":[{"embeddable":true,"href":"https:\/\/conslione.esteri.it\/it\/wp-json\/wp\/v2\/pages\/9"}],"wp:attachment":[{"href":"https:\/\/conslione.esteri.it\/it\/wp-json\/wp\/v2\/media?parent=65"}],"curies":[{"name":"wp","href":"https:\/\/api.w.org\/{rel}","templated":true}]}}