{"id":67,"date":"2023-01-24T18:44:22","date_gmt":"2023-01-24T17:44:22","guid":{"rendered":"https:\/\/conslione.esteri.it?page_id=67"},"modified":"2023-02-06T10:55:38","modified_gmt":"2023-02-06T09:55:38","slug":"diplomazia-scientifica","status":"publish","type":"page","link":"https:\/\/conslione.esteri.it\/it\/italia-e-francia\/diplomazia-scientifica\/","title":{"rendered":"Diplomazia scientifica"},"content":{"rendered":"<p class=\"boxLevel03\">Riassumere in poche righe il quadro delle relazioni scientifiche e di formazione superiore tra Italia e Francia \u00e8 praticamente impossibile tali sono la loro intensit\u00e0 e ampiezza. L\u2019integrazione dei due sistemi rispecchia gli strettissimi legami culturali e sociali e contribuisce a rendere i due Paesi tra i principali attori della ricerca internazionale oltre che importantissimi partners, tra l\u2019altro con interessi sempre pi\u00f9 coincidenti, sul livello\u00a0 europeo.<\/p>\n<p>Non vi \u00e8 settore disciplinare dove non sia attiva una qualche forma di collaborazione italo-francese, all\u2019interno delle varie schede cerchiamo di evidenziare gli strumenti piu&#8217; utili e gli argomenti di maggiore potenzialit\u00e0 per i rapporti bilaterali.<\/p>\n<p class=\"boxLevel03\">\n<p class=\"boxLevel03\">Alcuni link utili ai principali Istituti e Enti interessati alla gestione della Ricerca in Francia<\/p>\n<p class=\"boxLevel03\">\n<p class=\"boxLevel03\">Ministero dell&#8217;istruzione superiore, della ricerca e dell&#8217;innovazione<a href=\"https:\/\/www.enseignementsup-recherche.gouv.fr\/\">\u00a0MESRIMESRI<\/a><\/p>\n<p class=\"boxLevel03\">Data Base sulla Ricerca Francese\u00a0\u00a0<a href=\"https:\/\/scanr.enseignementsup-recherche.gouv.fr\/\">Portale della Ricerca Francese<\/a><\/p>\n<p class=\"boxLevel03\">Universit\u00e0 Italo-Francese\u00a0<a href=\"https:\/\/www.universite-franco-italienne.org\/\">UIF\/UFI<\/a><\/p>\n<p class=\"boxLevel03\">Centre national de la recherche scientifique\u00a0<a href=\"http:\/\/www.cnrs.fr\/\">CNRS<\/a><\/p>\n<p class=\"boxLevel03\">Commissariat \u00e0 l&#8217;\u00e9nergie atomique et aux \u00e9nergies alternatives\u00a0<a href=\"https:\/\/www.cea.fr\/\">CEA<\/a><\/p>\n<p class=\"boxLevel03\">Institut national de recherche en sciences et technologies du num\u00e9rique\u00a0<a href=\"https:\/\/www.inria.fr\/fr\">INRIA<\/a><\/p>\n<p class=\"boxLevel03\">Agence Nationale de la Recherce\u00a0<a href=\"https:\/\/anr.fr\/\">ANR<\/a><\/p>\n<p class=\"boxLevel03\">Agence Nationale Recherche Tecnologie \u00a0\u00a0<a href=\"https:\/\/www.anrt.asso.fr\/fr\">ANRT<\/a><\/p>\n<p class=\"boxLevel03\">Centre national d&#8217;\u00e9tudes spatiales\u00a0<a href=\"https:\/\/cnes.fr\/fr\">CNES<\/a><\/p>\n<p class=\"boxLevel03\">BPI France<\/p>\n<p class=\"boxLevel03\">ADEME<\/p>\n<p class=\"boxLevel03\">Institut national de la recherche agronomique\u00a0<a href=\"https:\/\/www.inrae.fr\/\">\u00a0INRAE<\/a><\/p>\n<p class=\"boxLevel03\">Association des grandes entreprises et administrations publiques fran\u00e7aises dans le Numerique,<a href=\"https:\/\/www.cigref.fr\/qui-sommes-nous\">\u00a0le Cigref<\/a><\/p>\n<p class=\"boxLevel03\">\n<p class=\"boxLevel03\">\n<p class=\"boxLevel03\">Alcuni link utili per studiare in Francia<\/p>\n<p class=\"boxLevel03\">&#8230;..<\/p>\n<p class=\"boxLevel03\">Rete Ricercatori Italiani in Francia &#8211; <a href=\"https:\/\/recifsite.wordpress.com\/\">ReCIF<\/a><\/p>\n","protected":false},"excerpt":{"rendered":"Riassumere in poche righe il quadro delle relazioni scientifiche e di formazione superiore tra Italia e Francia \u00e8 praticamente impossibile tali sono la loro intensit\u00e0 e ampiezza. L\u2019integrazione dei due sistemi rispecchia gli strettissimi legami culturali e sociali e contribuisce a rendere i due Paesi tra i principali attori della ricerca internazionale oltre che importantissimi [&hellip;]","protected":false},"author":3,"featured_media":0,"parent":13,"menu_order":4,"comment_status":"closed","ping_status":"closed","template":"","meta":{"footnotes":""},"class_list":["post-67","page","type-page","status-publish","hentry"],"_links":{"self":[{"href":"https:\/\/conslione.esteri.it\/it\/wp-json\/wp\/v2\/pages\/67","targetHints":{"allow":["GET"]}}],"collection":[{"href":"https:\/\/conslione.esteri.it\/it\/wp-json\/wp\/v2\/pages"}],"about":[{"href":"https:\/\/conslione.esteri.it\/it\/wp-json\/wp\/v2\/types\/page"}],"author":[{"embeddable":true,"href":"https:\/\/conslione.esteri.it\/it\/wp-json\/wp\/v2\/users\/3"}],"replies":[{"embeddable":true,"href":"https:\/\/conslione.esteri.it\/it\/wp-json\/wp\/v2\/comments?post=67"}],"version-history":[{"count":0,"href":"https:\/\/conslione.esteri.it\/it\/wp-json\/wp\/v2\/pages\/67\/revisions"}],"up":[{"embeddable":true,"href":"https:\/\/conslione.esteri.it\/it\/wp-json\/wp\/v2\/pages\/13"}],"wp:attachment":[{"href":"https:\/\/conslione.esteri.it\/it\/wp-json\/wp\/v2\/media?parent=67"}],"curies":[{"name":"wp","href":"https:\/\/api.w.org\/{rel}","templated":true}]}}